{"id":398,"date":"2025-02-26T15:22:06","date_gmt":"2025-02-26T15:22:06","guid":{"rendered":"https:\/\/joyofjelly.pl\/?page_id=398"},"modified":"2025-02-26T15:22:08","modified_gmt":"2025-02-26T15:22:08","slug":"nasi-autorzy","status":"publish","type":"page","link":"https:\/\/joyofjelly.pl\/ro\/nasi-autorzy\/","title":{"rendered":"Autorii no\u0219tri"},"content":{"rendered":"","protected":false},"excerpt":{"rendered":"","protected":false},"author":1,"featured_media":0,"parent":0,"menu_order":0,"comment_status":"closed","ping_status":"closed","template":"","meta":{"_acf_changed":false,"footnotes":""},"class_list":["post-398","page","type-page","status-publish","hentry"],"acf":[],"yoast_head":"<!-- This site is optimized with the Yoast SEO plugin v23.2 - https:\/\/yoast.com\/wordpress\/plugins\/seo\/ -->\n<title>Nasi autorzy - Zegarki Poland<\/title>\n<meta name=\"description\" content=\"Odkryj sylwetki naszych autor\u00f3w \u2013 pasjonat\u00f3w mody, kt\u00f3rzy dziel\u0105 si\u0119 trendami, poradami i unikalnym spojrzeniem na styl!\" \/>\n<meta name=\"robots\" content=\"index, follow, max-snippet:-1, max-image-preview:large, max-video-preview:-1\" \/>\n<link rel=\"canonical\" href=\"https:\/\/joyofjelly.pl\/ro\/nasi-autorzy\/\" \/>\n<meta property=\"og:locale\" content=\"ro_RO\" \/>\n<meta property=\"og:type\" content=\"article\" \/>\n<meta property=\"og:title\" content=\"Nasi autorzy - Zegarki Poland\" \/>\n<meta property=\"og:description\" content=\"Odkryj sylwetki naszych autor\u00f3w \u2013 pasjonat\u00f3w mody, kt\u00f3rzy dziel\u0105 si\u0119 trendami, poradami i unikalnym spojrzeniem na styl!\" \/>\n<meta property=\"og:url\" content=\"https:\/\/joyofjelly.pl\/ro\/nasi-autorzy\/\" \/>\n<meta property=\"og:site_name\" content=\"Zegarki Poland\" \/>\n<meta property=\"article:modified_time\" content=\"2025-02-26T15:22:08+00:00\" \/>\n<meta name=\"twitter:card\" content=\"summary_large_image\" \/>\n<meta name=\"twitter:label1\" content=\"Timp estimat pentru citire\" \/>\n\t<meta name=\"twitter:data1\" content=\"1 minut\" \/>\n<script type=\"application\/ld+json\" class=\"yoast-schema-graph\">{\"@context\":\"https:\/\/schema.org\",\"@graph\":[{\"@type\":\"WebPage\",\"@id\":\"https:\/\/joyofjelly.pl\/nasi-autorzy\/\",\"url\":\"https:\/\/joyofjelly.pl\/nasi-autorzy\/\",\"name\":\"Nasi autorzy - Zegarki Poland\",\"isPartOf\":{\"@id\":\"https:\/\/joyofjelly.pl\/#website\"},\"datePublished\":\"2025-02-26T15:22:06+00:00\",\"dateModified\":\"2025-02-26T15:22:08+00:00\",\"description\":\"Odkryj sylwetki naszych autor\u00f3w \u2013 pasjonat\u00f3w mody, kt\u00f3rzy dziel\u0105 si\u0119 trendami, poradami i unikalnym spojrzeniem na styl!\",\"breadcrumb\":{\"@id\":\"https:\/\/joyofjelly.pl\/nasi-autorzy\/#breadcrumb\"},\"inLanguage\":\"ro-RO\",\"potentialAction\":[{\"@type\":\"ReadAction\",\"target\":[\"https:\/\/joyofjelly.pl\/nasi-autorzy\/\"]}]},{\"@type\":\"BreadcrumbList\",\"@id\":\"https:\/\/joyofjelly.pl\/nasi-autorzy\/#breadcrumb\",\"itemListElement\":[{\"@type\":\"ListItem\",\"position\":1,\"name\":\"Home\",\"item\":\"https:\/\/joyofjelly.pl\/\"},{\"@type\":\"ListItem\",\"position\":2,\"name\":\"Nasi autorzy\"}]},{\"@type\":\"WebSite\",\"@id\":\"https:\/\/joyofjelly.pl\/#website\",\"url\":\"https:\/\/joyofjelly.pl\/\",\"name\":\"Zegarki Poland\",\"description\":\"Modne zegarki damskie 2024 \u2013 elegancja i nowoczesno\u015b\u0107!\",\"potentialAction\":[{\"@type\":\"SearchAction\",\"target\":{\"@type\":\"EntryPoint\",\"urlTemplate\":\"https:\/\/joyofjelly.pl\/?s={search_term_string}\"},\"query-input\":\"required name=search_term_string\"}],\"inLanguage\":\"ro-RO\"}]}<\/script>\n<!-- \/ Yoast SEO plugin. -->","yoast_head_json":{"title":"Nasi autorzy - Zegarki Poland","description":"Odkryj sylwetki naszych autor\u00f3w \u2013 pasjonat\u00f3w mody, kt\u00f3rzy dziel\u0105 si\u0119 trendami, poradami i unikalnym spojrzeniem na styl!","robots":{"index":"index","follow":"follow","max-snippet":"max-snippet:-1","max-image-preview":"max-image-preview:large","max-video-preview":"max-video-preview:-1"},"canonical":"https:\/\/joyofjelly.pl\/ro\/nasi-autorzy\/","og_locale":"ro_RO","og_type":"article","og_title":"Nasi autorzy - Zegarki Poland","og_description":"Odkryj sylwetki naszych autor\u00f3w \u2013 pasjonat\u00f3w mody, kt\u00f3rzy dziel\u0105 si\u0119 trendami, poradami i unikalnym spojrzeniem na styl!","og_url":"https:\/\/joyofjelly.pl\/ro\/nasi-autorzy\/","og_site_name":"Zegarki Poland","article_modified_time":"2025-02-26T15:22:08+00:00","twitter_card":"summary_large_image","twitter_misc":{"Timp estimat pentru citire":"1 minut"},"schema":{"@context":"https:\/\/schema.org","@graph":[{"@type":"WebPage","@id":"https:\/\/joyofjelly.pl\/nasi-autorzy\/","url":"https:\/\/joyofjelly.pl\/nasi-autorzy\/","name":"Nasi autorzy - Zegarki Poland","isPartOf":{"@id":"https:\/\/joyofjelly.pl\/#website"},"datePublished":"2025-02-26T15:22:06+00:00","dateModified":"2025-02-26T15:22:08+00:00","description":"Odkryj sylwetki naszych autor\u00f3w \u2013 pasjonat\u00f3w mody, kt\u00f3rzy dziel\u0105 si\u0119 trendami, poradami i unikalnym spojrzeniem na styl!","breadcrumb":{"@id":"https:\/\/joyofjelly.pl\/nasi-autorzy\/#breadcrumb"},"inLanguage":"ro-RO","potentialAction":[{"@type":"ReadAction","target":["https:\/\/joyofjelly.pl\/nasi-autorzy\/"]}]},{"@type":"BreadcrumbList","@id":"https:\/\/joyofjelly.pl\/nasi-autorzy\/#breadcrumb","itemListElement":[{"@type":"ListItem","position":1,"name":"Home","item":"https:\/\/joyofjelly.pl\/"},{"@type":"ListItem","position":2,"name":"Nasi autorzy"}]},{"@type":"WebSite","@id":"https:\/\/joyofjelly.pl\/#website","url":"https:\/\/joyofjelly.pl\/","name":"Zegarki Poland","description":"Modne zegarki damskie 2024 \u2013 elegancja i nowoczesno\u015b\u0107!","potentialAction":[{"@type":"SearchAction","target":{"@type":"EntryPoint","urlTemplate":"https:\/\/joyofjelly.pl\/?s={search_term_string}"},"query-input":"required name=search_term_string"}],"inLanguage":"ro-RO"}]}},"yoast_meta":{"yoast_wpseo_title":"","yoast_wpseo_metadesc":"","yoast_wpseo_canonical":"https:\/\/joyofjelly.pl\/ro\/wp-json\/wp\/v2\/pages\/398"},"_links":{"self":[{"href":"https:\/\/joyofjelly.pl\/ro\/wp-json\/wp\/v2\/pages\/398","targetHints":{"allow":["GET"]}}],"collection":[{"href":"https:\/\/joyofjelly.pl\/ro\/wp-json\/wp\/v2\/pages"}],"about":[{"href":"https:\/\/joyofjelly.pl\/ro\/wp-json\/wp\/v2\/types\/page"}],"author":[{"embeddable":true,"href":"https:\/\/joyofjelly.pl\/ro\/wp-json\/wp\/v2\/users\/1"}],"replies":[{"embeddable":true,"href":"https:\/\/joyofjelly.pl\/ro\/wp-json\/wp\/v2\/comments?post=398"}],"version-history":[{"count":1,"href":"https:\/\/joyofjelly.pl\/ro\/wp-json\/wp\/v2\/pages\/398\/revisions"}],"predecessor-version":[{"id":399,"href":"https:\/\/joyofjelly.pl\/ro\/wp-json\/wp\/v2\/pages\/398\/revisions\/399"}],"wp:attachment":[{"href":"https:\/\/joyofjelly.pl\/ro\/wp-json\/wp\/v2\/media?parent=398"}],"curies":[{"name":"wp","href":"https:\/\/api.w.org\/{rel}","templated":true}]}}